{"id":26,"date":"2022-10-14T18:44:23","date_gmt":"2022-10-14T18:44:23","guid":{"rendered":"https:\/\/www.sonova-communications.com\/?page_id=26"},"modified":"2025-07-23T09:19:46","modified_gmt":"2025-07-23T09:19:46","slug":"zertifikate","status":"publish","type":"page","link":"https:\/\/www.sonova-communications.com\/de\/zertifikate\/","title":{"rendered":"Zertifikate"},"content":{"rendered":"\n<div class=\"wp-block-cover alignfull\"><img loading=\"lazy\" decoding=\"async\" width=\"2000\" height=\"750\" class=\"wp-block-cover__image-background wp-image-27\" alt=\"\" src=\"https:\/\/www.sonova-communications.com\/wp-content\/uploads\/sites\/22\/2022\/10\/header_general_staircase_phonak.jpeg\" data-object-fit=\"cover\" srcset=\"https:\/\/www.sonova-communications.com\/de\/wp-content\/uploads\/sites\/33\/2022\/10\/header_general_staircase_phonak.jpeg 2000w, https:\/\/www.sonova-communications.com\/de\/wp-content\/uploads\/sites\/33\/2022\/10\/header_general_staircase_phonak.jpeg?resize=300,113 300w, https:\/\/www.sonova-communications.com\/de\/wp-content\/uploads\/sites\/33\/2022\/10\/header_general_staircase_phonak.jpeg?resize=768,288 768w, https:\/\/www.sonova-communications.com\/de\/wp-content\/uploads\/sites\/33\/2022\/10\/header_general_staircase_phonak.jpeg?resize=1024,384 1024w, https:\/\/www.sonova-communications.com\/de\/wp-content\/uploads\/sites\/33\/2022\/10\/header_general_staircase_phonak.jpeg?resize=1536,576 1536w\" sizes=\"auto, (max-width: 2000px) 100vw, 2000px\" \/><span aria-hidden=\"true\" class=\"wp-block-cover__background has-background-dim\"><\/span><div class=\"wp-block-cover__inner-container is-layout-flow wp-block-cover-is-layout-flow\">\n<h1 class=\"wp-block-heading has-white-color has-text-color\">Zertifikate<\/h1>\n<\/div><\/div>\n\n\n<div class=\"yoast-breadcrumbs\"><span><span class=\"breadcrumb_last\" aria-current=\"page\">Zertifikate<\/span><\/span><\/div>\n\n\t<style type=\"text\/css\">\n\t\t.wp-block-tk-spacer.id-e3d570f9-7941-4f79-a0ff-afa0852742c8 {\n\t\theight: 50px;\n\t}\n\n\t@media ( max-width: 480px ) {\n\t\t.wp-block-tk-spacer.id-e3d570f9-7941-4f79-a0ff-afa0852742c8 {\n\t\t\theight: 50px;\n\t\t}\n\t}\t<\/style>\n\t<div class=\"wp-block-tk-spacer id-e3d570f9-7941-4f79-a0ff-afa0852742c8\" aria-hidden=\"true\"><\/div>\n\t\n\n\n<h2 class=\"wp-block-heading\" style=\"font-style:normal;font-weight:400\">Zertifikate<\/h2>\n\n\n\n<div class=\"wp-block-columns is-layout-flex wp-container-core-columns-is-layout-28f84493 wp-block-columns-is-layout-flex\">\n<div class=\"wp-block-column is-layout-flow wp-block-column-is-layout-flow\">\n<p class=\"has-lead-secondary-font-size\">Die Ger\u00e4te von Phonak werden weltweit von Regierungsbeh\u00f6rden, Gesundheitsbeh\u00f6rden und anderen Aufsichtsbeh\u00f6rden reguliert. Diese Organisationen stellen sicher, dass wir w\u00e4hrend des gesamten Lebenszyklus unserer Produkte die Anforderungen der geltenden Gesundheits- und Sicherheitsvorschriften erf\u00fcllen.<\/p>\n<\/div>\n\n\n\n<div class=\"wp-block-column is-layout-flow wp-block-column-is-layout-flow\">\n<p>Wir verpflichten uns zu transparenten, konstruktiven und professionellen Beziehungen mit allen zust\u00e4ndigen Aufsichtsbeh\u00f6rden in Bezug auf Richtlinien, Produkteinreichungen, Compliance und Produktleistung. Hier finden Sie jeweils den vollst\u00e4ndigen Text der EU-Konformit\u00e4tserkl\u00e4rung.<br><br>Ben\u00f6tigen Sie die Konformit\u00e4tserkl\u00e4rung in einer anderen EU-Sprache, stellen wir diese gerne auf Anfrage zur Verf\u00fcgung &#8211; <a href=\"https:\/\/www.sonova-communications.com\/de\/kontakt\/\">Bitte f\u00fcllen Sie dieses Formular aus.<\/a><\/p>\n<\/div>\n<\/div>\n\n\n\n<p><\/p>\n\n\n\n<div\n\tclass=\"wp-block-phonak-downloads is-forntend alignwide\"\n\tdata-attributes=\"{&quot;enabledFilters&quot;:{&quot;platforms&quot;:true,&quot;docTypes&quot;:true,&quot;languages&quot;:false},&quot;align&quot;:&quot;wide&quot;,&quot;perPage&quot;:10,&quot;showPagination&quot;:true,&quot;showFilter&quot;:true,&quot;showSearch&quot;:true,&quot;defaultPlatforms&quot;:[],&quot;defaultDocTypes&quot;:[],&quot;defaultLanguage&quot;:[]}\">\n<\/div>\n","protected":false},"excerpt":{"rendered":"<p>Zertifikate Die Ger\u00e4te von Phonak werden weltweit von Regierungsbeh\u00f6rden, Gesundheitsbeh\u00f6rden und anderen Aufsichtsbeh\u00f6rden reguliert. Diese Organisationen stellen sicher, dass wir&#8230;<\/p>\n","protected":false},"author":4,"featured_media":0,"parent":0,"menu_order":0,"comment_status":"closed","ping_status":"closed","template":"","meta":{"_acf_changed":false,"inline_featured_image":false,"footnotes":""},"class_list":["post-26","page","type-page","status-publish","hentry"],"acf":[],"yoast_head":"<!-- This site is optimized with the Yoast SEO plugin v26.9 - https:\/\/yoast.com\/product\/yoast-seo-wordpress\/ -->\n<title>Zertifikate - Sonova Communications - DE<\/title>\n<meta name=\"robots\" content=\"index, follow, max-snippet:-1, max-image-preview:large, max-video-preview:-1\" \/>\n<link rel=\"canonical\" href=\"https:\/\/www.sonova-communications.com\/de\/zertifikate\/\" \/>\n<meta property=\"og:locale\" content=\"de_DE\" \/>\n<meta property=\"og:type\" content=\"article\" \/>\n<meta property=\"og:title\" content=\"Zertifikate - Sonova Communications - DE\" \/>\n<meta property=\"og:description\" content=\"Zertifikate Die Ger\u00e4te von Phonak werden weltweit von Regierungsbeh\u00f6rden, Gesundheitsbeh\u00f6rden und anderen Aufsichtsbeh\u00f6rden reguliert. Diese Organisationen stellen sicher, dass wir...\" \/>\n<meta property=\"og:url\" content=\"https:\/\/www.sonova-communications.com\/de\/zertifikate\/\" \/>\n<meta property=\"og:site_name\" content=\"Sonova Communications - DE\" \/>\n<meta property=\"article:modified_time\" content=\"2025-07-23T09:19:46+00:00\" \/>\n<meta property=\"og:image\" content=\"https:\/\/www.sonova-communications.com\/de\/wp-content\/uploads\/sites\/33\/2022\/10\/header_general_staircase_phonak.jpeg\" \/>\n\t<meta property=\"og:image:width\" content=\"2000\" \/>\n\t<meta property=\"og:image:height\" content=\"750\" \/>\n\t<meta property=\"og:image:type\" content=\"image\/jpeg\" \/>\n<meta name=\"twitter:card\" content=\"summary_large_image\" \/>\n<meta name=\"twitter:label1\" content=\"Est. reading time\" \/>\n\t<meta name=\"twitter:data1\" content=\"1 Minute\" \/>\n<script type=\"application\/ld+json\" class=\"yoast-schema-graph\">{\"@context\":\"https:\/\/schema.org\",\"@graph\":[{\"@type\":\"WebPage\",\"@id\":\"https:\/\/www.sonova-communications.com\/de\/zertifikate\/\",\"url\":\"https:\/\/www.sonova-communications.com\/de\/zertifikate\/\",\"name\":\"Zertifikate - Sonova Communications - DE\",\"isPartOf\":{\"@id\":\"https:\/\/www.sonova-communications.com\/de\/#website\"},\"primaryImageOfPage\":{\"@id\":\"https:\/\/www.sonova-communications.com\/de\/zertifikate\/#primaryimage\"},\"image\":{\"@id\":\"https:\/\/www.sonova-communications.com\/de\/zertifikate\/#primaryimage\"},\"thumbnailUrl\":\"https:\/\/www.sonova-communications.com\/wp-content\/uploads\/sites\/22\/2022\/10\/header_general_staircase_phonak.jpeg\",\"datePublished\":\"2022-10-14T18:44:23+00:00\",\"dateModified\":\"2025-07-23T09:19:46+00:00\",\"inLanguage\":\"de-DE\",\"potentialAction\":[{\"@type\":\"ReadAction\",\"target\":[\"https:\/\/www.sonova-communications.com\/de\/zertifikate\/\"]}]},{\"@type\":\"ImageObject\",\"inLanguage\":\"de-DE\",\"@id\":\"https:\/\/www.sonova-communications.com\/de\/zertifikate\/#primaryimage\",\"url\":\"https:\/\/www.sonova-communications.com\/wp-content\/uploads\/sites\/22\/2022\/10\/header_general_staircase_phonak.jpeg\",\"contentUrl\":\"https:\/\/www.sonova-communications.com\/wp-content\/uploads\/sites\/22\/2022\/10\/header_general_staircase_phonak.jpeg\"},{\"@type\":\"WebSite\",\"@id\":\"https:\/\/www.sonova-communications.com\/de\/#website\",\"url\":\"https:\/\/www.sonova-communications.com\/de\/\",\"name\":\"Sonova Communications - DE\",\"description\":\"\",\"publisher\":{\"@id\":\"https:\/\/www.sonova-communications.com\/de\/#organization\"},\"potentialAction\":[{\"@type\":\"SearchAction\",\"target\":{\"@type\":\"EntryPoint\",\"urlTemplate\":\"https:\/\/www.sonova-communications.com\/de\/?s={search_term_string}\"},\"query-input\":{\"@type\":\"PropertyValueSpecification\",\"valueRequired\":true,\"valueName\":\"search_term_string\"}}],\"inLanguage\":\"de-DE\"},{\"@type\":\"Organization\",\"@id\":\"https:\/\/www.sonova-communications.com\/de\/#organization\",\"name\":\"Sonova Communications - DE\",\"url\":\"https:\/\/www.sonova-communications.com\/de\/\",\"logo\":{\"@type\":\"ImageObject\",\"inLanguage\":\"de-DE\",\"@id\":\"https:\/\/www.sonova-communications.com\/de\/#\/schema\/logo\/image\/\",\"url\":\"https:\/\/www.sonova-communications.com\/de\/wp-content\/uploads\/sites\/33\/2022\/10\/Sonova_Tagline_RGB.png\",\"contentUrl\":\"https:\/\/www.sonova-communications.com\/de\/wp-content\/uploads\/sites\/33\/2022\/10\/Sonova_Tagline_RGB.png\",\"width\":1181,\"height\":339,\"caption\":\"Sonova Communications - DE\"},\"image\":{\"@id\":\"https:\/\/www.sonova-communications.com\/de\/#\/schema\/logo\/image\/\"}}]}<\/script>\n<!-- \/ Yoast SEO plugin. -->","yoast_head_json":{"title":"Zertifikate - Sonova Communications - DE","robots":{"index":"index","follow":"follow","max-snippet":"max-snippet:-1","max-image-preview":"max-image-preview:large","max-video-preview":"max-video-preview:-1"},"canonical":"https:\/\/www.sonova-communications.com\/de\/zertifikate\/","og_locale":"de_DE","og_type":"article","og_title":"Zertifikate - Sonova Communications - DE","og_description":"Zertifikate Die Ger\u00e4te von Phonak werden weltweit von Regierungsbeh\u00f6rden, Gesundheitsbeh\u00f6rden und anderen Aufsichtsbeh\u00f6rden reguliert. Diese Organisationen stellen sicher, dass wir...","og_url":"https:\/\/www.sonova-communications.com\/de\/zertifikate\/","og_site_name":"Sonova Communications - DE","article_modified_time":"2025-07-23T09:19:46+00:00","og_image":[{"width":2000,"height":750,"url":"https:\/\/www.sonova-communications.com\/de\/wp-content\/uploads\/sites\/33\/2022\/10\/header_general_staircase_phonak.jpeg","type":"image\/jpeg"}],"twitter_card":"summary_large_image","twitter_misc":{"Est. reading time":"1 Minute"},"schema":{"@context":"https:\/\/schema.org","@graph":[{"@type":"WebPage","@id":"https:\/\/www.sonova-communications.com\/de\/zertifikate\/","url":"https:\/\/www.sonova-communications.com\/de\/zertifikate\/","name":"Zertifikate - Sonova Communications - DE","isPartOf":{"@id":"https:\/\/www.sonova-communications.com\/de\/#website"},"primaryImageOfPage":{"@id":"https:\/\/www.sonova-communications.com\/de\/zertifikate\/#primaryimage"},"image":{"@id":"https:\/\/www.sonova-communications.com\/de\/zertifikate\/#primaryimage"},"thumbnailUrl":"https:\/\/www.sonova-communications.com\/wp-content\/uploads\/sites\/22\/2022\/10\/header_general_staircase_phonak.jpeg","datePublished":"2022-10-14T18:44:23+00:00","dateModified":"2025-07-23T09:19:46+00:00","inLanguage":"de-DE","potentialAction":[{"@type":"ReadAction","target":["https:\/\/www.sonova-communications.com\/de\/zertifikate\/"]}]},{"@type":"ImageObject","inLanguage":"de-DE","@id":"https:\/\/www.sonova-communications.com\/de\/zertifikate\/#primaryimage","url":"https:\/\/www.sonova-communications.com\/wp-content\/uploads\/sites\/22\/2022\/10\/header_general_staircase_phonak.jpeg","contentUrl":"https:\/\/www.sonova-communications.com\/wp-content\/uploads\/sites\/22\/2022\/10\/header_general_staircase_phonak.jpeg"},{"@type":"WebSite","@id":"https:\/\/www.sonova-communications.com\/de\/#website","url":"https:\/\/www.sonova-communications.com\/de\/","name":"Sonova Communications - DE","description":"","publisher":{"@id":"https:\/\/www.sonova-communications.com\/de\/#organization"},"potentialAction":[{"@type":"SearchAction","target":{"@type":"EntryPoint","urlTemplate":"https:\/\/www.sonova-communications.com\/de\/?s={search_term_string}"},"query-input":{"@type":"PropertyValueSpecification","valueRequired":true,"valueName":"search_term_string"}}],"inLanguage":"de-DE"},{"@type":"Organization","@id":"https:\/\/www.sonova-communications.com\/de\/#organization","name":"Sonova Communications - DE","url":"https:\/\/www.sonova-communications.com\/de\/","logo":{"@type":"ImageObject","inLanguage":"de-DE","@id":"https:\/\/www.sonova-communications.com\/de\/#\/schema\/logo\/image\/","url":"https:\/\/www.sonova-communications.com\/de\/wp-content\/uploads\/sites\/33\/2022\/10\/Sonova_Tagline_RGB.png","contentUrl":"https:\/\/www.sonova-communications.com\/de\/wp-content\/uploads\/sites\/33\/2022\/10\/Sonova_Tagline_RGB.png","width":1181,"height":339,"caption":"Sonova Communications - DE"},"image":{"@id":"https:\/\/www.sonova-communications.com\/de\/#\/schema\/logo\/image\/"}}]}},"jetpack_sharing_enabled":true,"distributor_meta":false,"distributor_terms":false,"distributor_media":false,"distributor_original_site_name":"Sonova Communications - DE","distributor_original_site_url":"https:\/\/www.sonova-communications.com\/de","push-errors":false,"_links":{"self":[{"href":"https:\/\/www.sonova-communications.com\/de\/wp-json\/wp\/v2\/pages\/26","targetHints":{"allow":["GET"]}}],"collection":[{"href":"https:\/\/www.sonova-communications.com\/de\/wp-json\/wp\/v2\/pages"}],"about":[{"href":"https:\/\/www.sonova-communications.com\/de\/wp-json\/wp\/v2\/types\/page"}],"author":[{"embeddable":true,"href":"https:\/\/www.sonova-communications.com\/de\/wp-json\/wp\/v2\/users\/4"}],"replies":[{"embeddable":true,"href":"https:\/\/www.sonova-communications.com\/de\/wp-json\/wp\/v2\/comments?post=26"}],"version-history":[{"count":13,"href":"https:\/\/www.sonova-communications.com\/de\/wp-json\/wp\/v2\/pages\/26\/revisions"}],"predecessor-version":[{"id":897,"href":"https:\/\/www.sonova-communications.com\/de\/wp-json\/wp\/v2\/pages\/26\/revisions\/897"}],"wp:attachment":[{"href":"https:\/\/www.sonova-communications.com\/de\/wp-json\/wp\/v2\/media?parent=26"}],"curies":[{"name":"wp","href":"https:\/\/api.w.org\/{rel}","templated":true}]}}