{"id":373,"date":"2022-11-02T17:57:08","date_gmt":"2022-11-02T17:57:08","guid":{"rendered":"https:\/\/www.sonova-communications.com\/?page_id=373"},"modified":"2024-12-09T10:48:32","modified_gmt":"2024-12-09T10:48:32","slug":"home","status":"publish","type":"page","link":"https:\/\/www.sonova-communications.com\/de\/","title":{"rendered":"Home"},"content":{"rendered":"\n<div class=\"wp-block-cover alignfull is-light\"><span aria-hidden=\"true\" class=\"wp-block-cover__background has-background-dim-0 has-background-dim\"><\/span><img loading=\"lazy\" decoding=\"async\" width=\"6000\" height=\"4000\" class=\"wp-block-cover__image-background wp-image-412\" alt=\"\" src=\"https:\/\/www.sonova-communications.com\/wp-content\/uploads\/sites\/22\/2022\/11\/SON_Pic_SonovaCommunicationsMurtenBuilding_SON3334-1.jpg\" data-object-fit=\"cover\" srcset=\"https:\/\/www.sonova-communications.com\/de\/wp-content\/uploads\/sites\/33\/2022\/11\/SON_Pic_SonovaCommunicationsMurtenBuilding_SON3334-1.jpg 6000w, https:\/\/www.sonova-communications.com\/de\/wp-content\/uploads\/sites\/33\/2022\/11\/SON_Pic_SonovaCommunicationsMurtenBuilding_SON3334-1.jpg?resize=300,200 300w, https:\/\/www.sonova-communications.com\/de\/wp-content\/uploads\/sites\/33\/2022\/11\/SON_Pic_SonovaCommunicationsMurtenBuilding_SON3334-1.jpg?resize=768,512 768w, https:\/\/www.sonova-communications.com\/de\/wp-content\/uploads\/sites\/33\/2022\/11\/SON_Pic_SonovaCommunicationsMurtenBuilding_SON3334-1.jpg?resize=1024,683 1024w, https:\/\/www.sonova-communications.com\/de\/wp-content\/uploads\/sites\/33\/2022\/11\/SON_Pic_SonovaCommunicationsMurtenBuilding_SON3334-1.jpg?resize=1536,1024 1536w, https:\/\/www.sonova-communications.com\/de\/wp-content\/uploads\/sites\/33\/2022\/11\/SON_Pic_SonovaCommunicationsMurtenBuilding_SON3334-1.jpg?resize=2048,1365 2048w\" sizes=\"auto, (max-width: 6000px) 100vw, 6000px\" \/><div class=\"wp-block-cover__inner-container is-layout-flow wp-block-cover-is-layout-flow\">\n<p class=\"has-text-align-center\"><\/p>\n<\/div><\/div>\n\n\n\n<h1 class=\"wp-block-heading has-text-align-left\">Willkommen bei Sonova Communications<\/h1>\n\n\n\n<h2 class=\"wp-block-heading\">Sonovas Wireless Competence Center<\/h2>\n\n\n\n<div class=\"wp-block-columns is-layout-flex wp-container-core-columns-is-layout-28f84493 wp-block-columns-is-layout-flex\">\n<div class=\"wp-block-column is-layout-flow wp-block-column-is-layout-flow\">\n<p>Sonova Communications AG ist Technologie- und Marktf\u00fchrer in der Entwicklung und Konstruktion ultraminiaturisierter Funktechnologien, die weltweit in verschiedenen Bereichen vertrieben werden. Das Unternehmen wurde 1992 gegr\u00fcndet und hiess bis 2021 Phonak Communications.<\/p>\n\n\n\n<p>Mit Sitz in Murten, in einem der ersten Nullenergie-B\u00fcrogeb\u00e4ude der Schweiz, ist unser Unternehmen Mitglied der Sonova Gruppe, einem f\u00fchrenden Anbieter von innovativen H\u00f6rl\u00f6sungen.<\/p>\n\n\n\n<p>Unser F&amp;E-Team w\u00e4chst st\u00e4ndig und besteht aus hochqualifizierte Ingenieuren in den Bereichen Mikroelektronik, Elektronik, Akustik, Hochfrequenz, Mechanik, Kommunikationsprotokolle, Software, Signalverarbeitung und Projektmanagement.<\/p>\n\n\n\n<p><\/p>\n\n\n\n<div class=\"wp-block-buttons is-layout-flex wp-block-buttons-is-layout-flex\">\n<div class=\"wp-block-button\"><a class=\"wp-block-button__link wp-element-button\" href=\"https:\/\/www.sonova-communications.com\/de\/innovationen\/\">Mehr<\/a><\/div>\n<\/div>\n<\/div>\n\n\n\n<div class=\"wp-block-column is-layout-flow wp-block-column-is-layout-flow\">\n<object><\/object>\n<\/div>\n<\/div>\n\n\n\n<h2 class=\"wp-block-heading\">Marken<\/h2>\n\n\n\n<p>Als Sonovas Kompetenzzentrum f\u00fcr miniaturisierte, drahtlose Technologien entwickeln wir Produkte f\u00fcr die folgenden 2 Gesch\u00e4ftsbereiche.<\/p>\n\n\n\n<div class=\"wp-block-columns are-vertically-aligned-top is-layout-flex wp-container-core-columns-is-layout-28f84493 wp-block-columns-is-layout-flex\">\n<div class=\"wp-block-column is-vertically-aligned-top is-layout-flow wp-block-column-is-layout-flow\">\n<figure class=\"wp-block-image aligncenter size-large is-resized\"><img loading=\"lazy\" decoding=\"async\" height=\"366\" width=\"1024\" src=\"https:\/\/www.sonova-communications.com\/wp-content\/uploads\/sites\/22\/2022\/11\/Phonak-Communications.jpg?w=1024\" alt=\"\" class=\"wp-image-486\" style=\"width:256px;height:91px\" srcset=\"https:\/\/www.sonova-communications.com\/de\/wp-content\/uploads\/sites\/33\/2022\/11\/Phonak-Communications.jpg 1568w, https:\/\/www.sonova-communications.com\/de\/wp-content\/uploads\/sites\/33\/2022\/11\/Phonak-Communications.jpg?resize=300,107 300w, https:\/\/www.sonova-communications.com\/de\/wp-content\/uploads\/sites\/33\/2022\/11\/Phonak-Communications.jpg?resize=768,274 768w, https:\/\/www.sonova-communications.com\/de\/wp-content\/uploads\/sites\/33\/2022\/11\/Phonak-Communications.jpg?resize=1024,366 1024w, https:\/\/www.sonova-communications.com\/de\/wp-content\/uploads\/sites\/33\/2022\/11\/Phonak-Communications.jpg?resize=1536,549 1536w\" sizes=\"auto, (max-width: 1024px) 100vw, 1024px\" \/><\/figure>\n\n\n\n<p>Wir entwickeln miniaturisierte drahtlose Ohrh\u00f6rer, Headsets und Geh\u00f6rschutzger\u00e4te, um Fachleuten auf der ganzen Welt zu helfen, in anspruchsvollen Umgebungen effektiv zu kommunizieren.<\/p>\n\n\n\n<div class=\"wp-block-buttons is-horizontal is-layout-flex wp-block-buttons-is-layout-flex\">\n<div class=\"wp-block-button is-style-default\"><a class=\"wp-block-button__link wp-element-button\" href=\"https:\/\/www.phonak-communications.com\/en\/\">Mehr<\/a><\/div>\n<\/div>\n<\/div>\n\n\n\n<div class=\"wp-block-column is-vertically-aligned-top is-layout-flow wp-block-column-is-layout-flow\">\n<figure class=\"wp-block-image aligncenter size-large is-resized\"><img loading=\"lazy\" decoding=\"async\" height=\"366\" width=\"1024\" src=\"https:\/\/www.sonova-communications.com\/wp-content\/uploads\/sites\/22\/2022\/12\/Roger.jpg?w=1024\" alt=\"\" class=\"wp-image-538\" style=\"width:256px;height:91px\" srcset=\"https:\/\/www.sonova-communications.com\/de\/wp-content\/uploads\/sites\/33\/2022\/12\/Roger.jpg 1568w, https:\/\/www.sonova-communications.com\/de\/wp-content\/uploads\/sites\/33\/2022\/12\/Roger.jpg?resize=300,107 300w, https:\/\/www.sonova-communications.com\/de\/wp-content\/uploads\/sites\/33\/2022\/12\/Roger.jpg?resize=768,274 768w, https:\/\/www.sonova-communications.com\/de\/wp-content\/uploads\/sites\/33\/2022\/12\/Roger.jpg?resize=1024,366 1024w, https:\/\/www.sonova-communications.com\/de\/wp-content\/uploads\/sites\/33\/2022\/12\/Roger.jpg?resize=1536,549 1536w\" sizes=\"auto, (max-width: 1024px) 100vw, 1024px\" \/><\/figure>\n\n\n\n<p>Roger ist eine intelligente drahtlose Technologie, die Sprache direkt an H\u00f6rger\u00e4te und Cochlea-Implantate \u00fcbertr\u00e4gt und so hilft, Distanz und L\u00e4rm zu \u00fcberwinden.<\/p>\n\n\n\n<div class=\"wp-block-buttons is-layout-flex wp-block-buttons-is-layout-flex\">\n<div class=\"wp-block-button\"><a class=\"wp-block-button__link wp-element-button\" href=\"https:\/\/www.phonak.com\/en-int\/hearing-devices\/microphones\">Mehr<\/a><\/div>\n<\/div>\n<\/div>\n<\/div>\n\n\n\n<h2 class=\"wp-block-heading\">Create sense with us<\/h2>\n\n\n\n<div class=\"wp-block-columns is-layout-flex wp-container-core-columns-is-layout-28f84493 wp-block-columns-is-layout-flex\">\n<div class=\"wp-block-column is-layout-flow wp-block-column-is-layout-flow\">\n<p>Bei Sonova kannst du durch deine Arbeit dazu beitragen, das Leben von Menschen zu ver\u00e4ndern. Als f\u00fchrender Anbieter innovativer H\u00f6rl\u00f6sungen stellen wir nicht nur Produkte her. Wir haben es uns zur gemeinsamen Aufgabe gemacht, Menschen den Genuss des H\u00f6rens zu geben. <br><br>Um ein Leben ohne Einschr\u00e4nkungen zu erm\u00f6glichen, entwickeln, produzieren und vermarkten wir L\u00f6sungen, die technologische Grenzen \u00fcberwinden und die Zukunft unserer Branche neu definieren. Unsere talentierten und engagierten Mitarbeiterinnen und Mitarbeiter auf der ganzen Welt wissen, dass sie zu etwas Gr\u00f6sserem beitragen \u2013 Create sense!<\/p>\n\n\n\n<div class=\"wp-block-buttons is-layout-flex wp-block-buttons-is-layout-flex\">\n<div class=\"wp-block-button\"><a class=\"wp-block-button__link wp-element-button\" href=\"https:\/\/www.sonova.com\/de\/karriere\">Mehr<\/a><\/div>\n<\/div>\n<\/div>\n\n\n\n<div class=\"wp-block-column is-layout-flow wp-block-column-is-layout-flow\">\n<object><\/object>\n<\/div>\n<\/div>\n\n\n\n<h2 class=\"wp-block-heading\">Unsere Werte<\/h2>\n\n\n\n<div class=\"wp-block-media-text alignwide is-stacked-on-mobile\"><figure class=\"wp-block-media-text__media\"><img loading=\"lazy\" decoding=\"async\" width=\"1024\" height=\"395\" src=\"https:\/\/www.sonova-communications.com\/de\/wp-content\/uploads\/sites\/33\/2022\/11\/sonova_values_en.png?w=1024\" alt=\"\" class=\"wp-image-379 size-full\" srcset=\"https:\/\/www.sonova-communications.com\/de\/wp-content\/uploads\/sites\/33\/2022\/11\/sonova_values_en.png 1024w, https:\/\/www.sonova-communications.com\/de\/wp-content\/uploads\/sites\/33\/2022\/11\/sonova_values_en.png?resize=300,116 300w, https:\/\/www.sonova-communications.com\/de\/wp-content\/uploads\/sites\/33\/2022\/11\/sonova_values_en.png?resize=768,296 768w\" sizes=\"auto, (max-width: 1024px) 100vw, 1024px\" \/><\/figure><div class=\"wp-block-media-text__content\">\n<p>Bei Sonova kommen wir jeden Tag mit dem Bewusstsein zur Arbeit, dass durch unsere kontinuierliche Innovation in allen Bereichen, unser gemeinsames Engagement als Team und unser verantwortungsvolles Verhalten Millionen von Menschen in den Genuss des H\u00f6rens kommen: Musik erleben, sich m\u00fchelos mit Freunden und Familie unterhalten \u2013 kurz: das Leben in seiner enormen Vielfalt an Kl\u00e4ngen in vollen Z\u00fcgen geniessen. Unsere gemeinsamen zentralen Werte spiegeln die Unternehmenskultur wider, die uns \u00fcber alle Marken und Regionen hinweg vereint.<\/p>\n\n\n\n<div class=\"wp-block-buttons is-layout-flex wp-block-buttons-is-layout-flex\">\n<div class=\"wp-block-button\"><a class=\"wp-block-button__link wp-element-button\" href=\"https:\/\/www.sonova.com\/de\/vision-und-werte\">Mehr<\/a><\/div>\n<\/div>\n\n\n\n<p><\/p>\n<\/div><\/div>\n","protected":false},"excerpt":{"rendered":"<p>Willkommen bei Sonova Communications Sonovas Wireless Competence Center Sonova Communications AG ist Technologie- und Marktf\u00fchrer in der Entwicklung und Konstruktion&#8230;<\/p>\n","protected":false},"author":4,"featured_media":0,"parent":0,"menu_order":0,"comment_status":"closed","ping_status":"closed","template":"","meta":{"_acf_changed":false,"inline_featured_image":false,"footnotes":""},"class_list":["post-373","page","type-page","status-publish","hentry"],"acf":[],"yoast_head":"<!-- This site is optimized with the Yoast SEO plugin v26.9 - https:\/\/yoast.com\/product\/yoast-seo-wordpress\/ -->\n<title>Home - Sonova Communications - DE<\/title>\n<meta name=\"robots\" content=\"index, follow, max-snippet:-1, max-image-preview:large, max-video-preview:-1\" \/>\n<link rel=\"canonical\" href=\"https:\/\/www.sonova-communications.com\/de\/\" \/>\n<meta property=\"og:locale\" content=\"de_DE\" \/>\n<meta property=\"og:type\" content=\"article\" \/>\n<meta property=\"og:title\" content=\"Home - Sonova Communications - DE\" \/>\n<meta property=\"og:description\" content=\"Willkommen bei Sonova Communications Sonovas Wireless Competence Center Sonova Communications AG ist Technologie- und Marktf\u00fchrer in der Entwicklung und Konstruktion...\" \/>\n<meta property=\"og:url\" content=\"https:\/\/www.sonova-communications.com\/de\/\" \/>\n<meta property=\"og:site_name\" content=\"Sonova Communications - DE\" \/>\n<meta property=\"article:modified_time\" content=\"2024-12-09T10:48:32+00:00\" \/>\n<meta property=\"og:image\" content=\"https:\/\/www.sonova-communications.com\/wp-content\/uploads\/sites\/22\/2022\/11\/SON_Pic_SonovaCommunicationsMurtenBuilding_SON3334-1.jpg\" \/>\n<meta name=\"twitter:card\" content=\"summary_large_image\" \/>\n<meta name=\"twitter:label1\" content=\"Est. reading time\" \/>\n\t<meta name=\"twitter:data1\" content=\"3 Minuten\" \/>\n<script type=\"application\/ld+json\" class=\"yoast-schema-graph\">{\"@context\":\"https:\/\/schema.org\",\"@graph\":[{\"@type\":\"WebPage\",\"@id\":\"https:\/\/www.sonova-communications.com\/de\/\",\"url\":\"https:\/\/www.sonova-communications.com\/de\/\",\"name\":\"Home - Sonova Communications - DE\",\"isPartOf\":{\"@id\":\"https:\/\/www.sonova-communications.com\/de\/#website\"},\"primaryImageOfPage\":{\"@id\":\"https:\/\/www.sonova-communications.com\/de\/#primaryimage\"},\"image\":{\"@id\":\"https:\/\/www.sonova-communications.com\/de\/#primaryimage\"},\"thumbnailUrl\":\"https:\/\/www.sonova-communications.com\/wp-content\/uploads\/sites\/22\/2022\/11\/SON_Pic_SonovaCommunicationsMurtenBuilding_SON3334-1.jpg\",\"datePublished\":\"2022-11-02T17:57:08+00:00\",\"dateModified\":\"2024-12-09T10:48:32+00:00\",\"inLanguage\":\"de-DE\",\"potentialAction\":[{\"@type\":\"ReadAction\",\"target\":[\"https:\/\/www.sonova-communications.com\/de\/\"]}]},{\"@type\":\"ImageObject\",\"inLanguage\":\"de-DE\",\"@id\":\"https:\/\/www.sonova-communications.com\/de\/#primaryimage\",\"url\":\"https:\/\/www.sonova-communications.com\/wp-content\/uploads\/sites\/22\/2022\/11\/SON_Pic_SonovaCommunicationsMurtenBuilding_SON3334-1.jpg\",\"contentUrl\":\"https:\/\/www.sonova-communications.com\/wp-content\/uploads\/sites\/22\/2022\/11\/SON_Pic_SonovaCommunicationsMurtenBuilding_SON3334-1.jpg\"},{\"@type\":\"WebSite\",\"@id\":\"https:\/\/www.sonova-communications.com\/de\/#website\",\"url\":\"https:\/\/www.sonova-communications.com\/de\/\",\"name\":\"Sonova Communications - DE\",\"description\":\"\",\"publisher\":{\"@id\":\"https:\/\/www.sonova-communications.com\/de\/#organization\"},\"potentialAction\":[{\"@type\":\"SearchAction\",\"target\":{\"@type\":\"EntryPoint\",\"urlTemplate\":\"https:\/\/www.sonova-communications.com\/de\/?s={search_term_string}\"},\"query-input\":{\"@type\":\"PropertyValueSpecification\",\"valueRequired\":true,\"valueName\":\"search_term_string\"}}],\"inLanguage\":\"de-DE\"},{\"@type\":\"Organization\",\"@id\":\"https:\/\/www.sonova-communications.com\/de\/#organization\",\"name\":\"Sonova Communications - DE\",\"url\":\"https:\/\/www.sonova-communications.com\/de\/\",\"logo\":{\"@type\":\"ImageObject\",\"inLanguage\":\"de-DE\",\"@id\":\"https:\/\/www.sonova-communications.com\/de\/#\/schema\/logo\/image\/\",\"url\":\"https:\/\/www.sonova-communications.com\/de\/wp-content\/uploads\/sites\/33\/2022\/10\/Sonova_Tagline_RGB.png\",\"contentUrl\":\"https:\/\/www.sonova-communications.com\/de\/wp-content\/uploads\/sites\/33\/2022\/10\/Sonova_Tagline_RGB.png\",\"width\":1181,\"height\":339,\"caption\":\"Sonova Communications - DE\"},\"image\":{\"@id\":\"https:\/\/www.sonova-communications.com\/de\/#\/schema\/logo\/image\/\"}}]}<\/script>\n<!-- \/ Yoast SEO plugin. -->","yoast_head_json":{"title":"Home - Sonova Communications - DE","robots":{"index":"index","follow":"follow","max-snippet":"max-snippet:-1","max-image-preview":"max-image-preview:large","max-video-preview":"max-video-preview:-1"},"canonical":"https:\/\/www.sonova-communications.com\/de\/","og_locale":"de_DE","og_type":"article","og_title":"Home - Sonova Communications - DE","og_description":"Willkommen bei Sonova Communications Sonovas Wireless Competence Center Sonova Communications AG ist Technologie- und Marktf\u00fchrer in der Entwicklung und Konstruktion...","og_url":"https:\/\/www.sonova-communications.com\/de\/","og_site_name":"Sonova Communications - DE","article_modified_time":"2024-12-09T10:48:32+00:00","og_image":[{"url":"https:\/\/www.sonova-communications.com\/wp-content\/uploads\/sites\/22\/2022\/11\/SON_Pic_SonovaCommunicationsMurtenBuilding_SON3334-1.jpg","type":"","width":"","height":""}],"twitter_card":"summary_large_image","twitter_misc":{"Est. reading time":"3 Minuten"},"schema":{"@context":"https:\/\/schema.org","@graph":[{"@type":"WebPage","@id":"https:\/\/www.sonova-communications.com\/de\/","url":"https:\/\/www.sonova-communications.com\/de\/","name":"Home - Sonova Communications - DE","isPartOf":{"@id":"https:\/\/www.sonova-communications.com\/de\/#website"},"primaryImageOfPage":{"@id":"https:\/\/www.sonova-communications.com\/de\/#primaryimage"},"image":{"@id":"https:\/\/www.sonova-communications.com\/de\/#primaryimage"},"thumbnailUrl":"https:\/\/www.sonova-communications.com\/wp-content\/uploads\/sites\/22\/2022\/11\/SON_Pic_SonovaCommunicationsMurtenBuilding_SON3334-1.jpg","datePublished":"2022-11-02T17:57:08+00:00","dateModified":"2024-12-09T10:48:32+00:00","inLanguage":"de-DE","potentialAction":[{"@type":"ReadAction","target":["https:\/\/www.sonova-communications.com\/de\/"]}]},{"@type":"ImageObject","inLanguage":"de-DE","@id":"https:\/\/www.sonova-communications.com\/de\/#primaryimage","url":"https:\/\/www.sonova-communications.com\/wp-content\/uploads\/sites\/22\/2022\/11\/SON_Pic_SonovaCommunicationsMurtenBuilding_SON3334-1.jpg","contentUrl":"https:\/\/www.sonova-communications.com\/wp-content\/uploads\/sites\/22\/2022\/11\/SON_Pic_SonovaCommunicationsMurtenBuilding_SON3334-1.jpg"},{"@type":"WebSite","@id":"https:\/\/www.sonova-communications.com\/de\/#website","url":"https:\/\/www.sonova-communications.com\/de\/","name":"Sonova Communications - DE","description":"","publisher":{"@id":"https:\/\/www.sonova-communications.com\/de\/#organization"},"potentialAction":[{"@type":"SearchAction","target":{"@type":"EntryPoint","urlTemplate":"https:\/\/www.sonova-communications.com\/de\/?s={search_term_string}"},"query-input":{"@type":"PropertyValueSpecification","valueRequired":true,"valueName":"search_term_string"}}],"inLanguage":"de-DE"},{"@type":"Organization","@id":"https:\/\/www.sonova-communications.com\/de\/#organization","name":"Sonova Communications - DE","url":"https:\/\/www.sonova-communications.com\/de\/","logo":{"@type":"ImageObject","inLanguage":"de-DE","@id":"https:\/\/www.sonova-communications.com\/de\/#\/schema\/logo\/image\/","url":"https:\/\/www.sonova-communications.com\/de\/wp-content\/uploads\/sites\/33\/2022\/10\/Sonova_Tagline_RGB.png","contentUrl":"https:\/\/www.sonova-communications.com\/de\/wp-content\/uploads\/sites\/33\/2022\/10\/Sonova_Tagline_RGB.png","width":1181,"height":339,"caption":"Sonova Communications - DE"},"image":{"@id":"https:\/\/www.sonova-communications.com\/de\/#\/schema\/logo\/image\/"}}]}},"jetpack_sharing_enabled":true,"distributor_meta":false,"distributor_terms":false,"distributor_media":false,"distributor_original_site_name":"Sonova Communications - DE","distributor_original_site_url":"https:\/\/www.sonova-communications.com\/de","push-errors":false,"_links":{"self":[{"href":"https:\/\/www.sonova-communications.com\/de\/wp-json\/wp\/v2\/pages\/373","targetHints":{"allow":["GET"]}}],"collection":[{"href":"https:\/\/www.sonova-communications.com\/de\/wp-json\/wp\/v2\/pages"}],"about":[{"href":"https:\/\/www.sonova-communications.com\/de\/wp-json\/wp\/v2\/types\/page"}],"author":[{"embeddable":true,"href":"https:\/\/www.sonova-communications.com\/de\/wp-json\/wp\/v2\/users\/4"}],"replies":[{"embeddable":true,"href":"https:\/\/www.sonova-communications.com\/de\/wp-json\/wp\/v2\/comments?post=373"}],"version-history":[{"count":81,"href":"https:\/\/www.sonova-communications.com\/de\/wp-json\/wp\/v2\/pages\/373\/revisions"}],"predecessor-version":[{"id":846,"href":"https:\/\/www.sonova-communications.com\/de\/wp-json\/wp\/v2\/pages\/373\/revisions\/846"}],"wp:attachment":[{"href":"https:\/\/www.sonova-communications.com\/de\/wp-json\/wp\/v2\/media?parent=373"}],"curies":[{"name":"wp","href":"https:\/\/api.w.org\/{rel}","templated":true}]}}