{"id":514,"date":"2022-11-24T11:08:11","date_gmt":"2022-11-24T11:08:11","guid":{"rendered":"https:\/\/www.sonova-communications.com\/?page_id=514"},"modified":"2023-03-27T06:54:00","modified_gmt":"2023-03-27T06:54:00","slug":"innovationen","status":"publish","type":"page","link":"https:\/\/www.sonova-communications.com\/de\/innovationen\/","title":{"rendered":"Innovationen"},"content":{"rendered":"\n<div class=\"wp-block-cover alignfull\" style=\"min-height:502px;aspect-ratio:unset;\"><span aria-hidden=\"true\" class=\"wp-block-cover__background has-background-dim-0 has-background-dim\"><\/span><img loading=\"lazy\" decoding=\"async\" width=\"6000\" height=\"4000\" class=\"wp-block-cover__image-background wp-image-462\" alt=\"\" src=\"https:\/\/www.sonova-communications.com\/de\/wp-content\/uploads\/sites\/33\/2022\/11\/SON_Pic_SonovaCommunicationsMurtenHearingRoom_SON4717.jpg\" data-object-fit=\"cover\" srcset=\"https:\/\/www.sonova-communications.com\/de\/wp-content\/uploads\/sites\/33\/2022\/11\/SON_Pic_SonovaCommunicationsMurtenHearingRoom_SON4717.jpg 6000w, https:\/\/www.sonova-communications.com\/de\/wp-content\/uploads\/sites\/33\/2022\/11\/SON_Pic_SonovaCommunicationsMurtenHearingRoom_SON4717.jpg?resize=300,200 300w, https:\/\/www.sonova-communications.com\/de\/wp-content\/uploads\/sites\/33\/2022\/11\/SON_Pic_SonovaCommunicationsMurtenHearingRoom_SON4717.jpg?resize=768,512 768w, https:\/\/www.sonova-communications.com\/de\/wp-content\/uploads\/sites\/33\/2022\/11\/SON_Pic_SonovaCommunicationsMurtenHearingRoom_SON4717.jpg?resize=1024,683 1024w, https:\/\/www.sonova-communications.com\/de\/wp-content\/uploads\/sites\/33\/2022\/11\/SON_Pic_SonovaCommunicationsMurtenHearingRoom_SON4717.jpg?resize=1536,1024 1536w, https:\/\/www.sonova-communications.com\/de\/wp-content\/uploads\/sites\/33\/2022\/11\/SON_Pic_SonovaCommunicationsMurtenHearingRoom_SON4717.jpg?resize=2048,1365 2048w\" sizes=\"auto, (max-width: 6000px) 100vw, 6000px\" \/><div class=\"wp-block-cover__inner-container is-layout-flow wp-block-cover-is-layout-flow\">\n<p class=\"has-text-align-left\"><\/p>\n<\/div><\/div>\n\n\n\n<p>             <br>Bei Sonova Communications entwickeln wir Produkte in den Bereichen verdeckte Kommunikation, assistive Technologien, Geh\u00f6rschutz und Consumer Audiologie Produkte sowie den Sonova Wireless Plattform Chip (Shannon). Dies ist der weltweit erste Chip, der Bluetooth Classic-Unterst\u00fctzung bei einem ausreichend niedrigen Stromverbrauch f\u00fcr den Einsatz in H\u00f6rger\u00e4ten erm\u00f6glicht, so dass Sonova-Benutzer Musik und Telefonie mit Bluetooth-Ger\u00e4ten jeder Marke geniessen k\u00f6nnen. Diese Komponente erm\u00f6glicht simultane Bluetooth Classic-, Bluetooth Low Energy-, Roger-, AirStream- und binaurale Audio-Konnektivit\u00e4t in den H\u00f6rger\u00e4ten von Sonova. <br>                          <br>Unsere Einrichtungen umfassen eine schalltote HF-Kammer (hier abgebildet) zur Messung der Antennenleistung und der elektromagnetischen Emissionen von Produkten. Die Software wird kontinuierlich auf Regression in einem temperaturgesteuerten Raum getestet, in dem Server, virtuelle Maschinen, elektronische Testboards und FPGA-Systeme gehostet werden.<\/p>\n\n\n\n<p>Im Bereich des assistive Technologien haben wir die Roger-Technologie entwickelt. Roger erfasst und \u00fcbertr\u00e4gt Sprache zwischen entfernten Mikrofonen und H\u00f6rger\u00e4ten oder Cochlea-Implantaten und hilft dabei, Distanzen und Ger\u00e4usche zu \u00fcberwinden. Dieses propriet\u00e4re System basiert auf einem robusten Low-Power-Wireless-Audio-Broadcast-Protokoll im 2,4-GHz-Band und auf fortschrittlichen Signalverarbeitungsalgorithmen. <br>            <br>Die F&amp;E-Abteilung von Sonova Communications bietet Ausbildungspl\u00e4tze f\u00fcr mechanische und elektronische Designer<\/p>\n","protected":false},"excerpt":{"rendered":"<p>Bei Sonova Communications entwickeln wir Produkte in den Bereichen verdeckte Kommunikation, assistive Technologien, Geh\u00f6rschutz und Consumer Audiologie Produkte sowie den&#8230;<\/p>\n","protected":false},"author":43,"featured_media":0,"parent":0,"menu_order":0,"comment_status":"closed","ping_status":"closed","template":"","meta":{"_acf_changed":false,"inline_featured_image":false,"footnotes":""},"class_list":["post-514","page","type-page","status-publish","hentry"],"acf":[],"yoast_head":"<!-- This site is optimized with the Yoast SEO plugin v26.9 - https:\/\/yoast.com\/product\/yoast-seo-wordpress\/ -->\n<title>Innovationen - Sonova Communications - DE<\/title>\n<meta name=\"robots\" content=\"index, follow, max-snippet:-1, max-image-preview:large, max-video-preview:-1\" \/>\n<link rel=\"canonical\" href=\"https:\/\/www.sonova-communications.com\/de\/innovationen\/\" \/>\n<meta property=\"og:locale\" content=\"de_DE\" \/>\n<meta property=\"og:type\" content=\"article\" \/>\n<meta property=\"og:title\" content=\"Innovationen - Sonova Communications - DE\" \/>\n<meta property=\"og:description\" content=\"Bei Sonova Communications entwickeln wir Produkte in den Bereichen verdeckte Kommunikation, assistive Technologien, Geh\u00f6rschutz und Consumer Audiologie Produkte sowie den...\" \/>\n<meta property=\"og:url\" content=\"https:\/\/www.sonova-communications.com\/de\/innovationen\/\" \/>\n<meta property=\"og:site_name\" content=\"Sonova Communications - DE\" \/>\n<meta property=\"article:modified_time\" content=\"2023-03-27T06:54:00+00:00\" \/>\n<meta property=\"og:image\" content=\"https:\/\/www.sonova-communications.com\/de\/wp-content\/uploads\/sites\/33\/2022\/11\/SON_Pic_SonovaCommunicationsMurtenHearingRoom_SON4717.jpg\" \/>\n<meta name=\"twitter:card\" content=\"summary_large_image\" \/>\n<meta name=\"twitter:label1\" content=\"Est. reading time\" \/>\n\t<meta name=\"twitter:data1\" content=\"2 Minuten\" \/>\n<script type=\"application\/ld+json\" class=\"yoast-schema-graph\">{\"@context\":\"https:\/\/schema.org\",\"@graph\":[{\"@type\":\"WebPage\",\"@id\":\"https:\/\/www.sonova-communications.com\/de\/innovationen\/\",\"url\":\"https:\/\/www.sonova-communications.com\/de\/innovationen\/\",\"name\":\"Innovationen - Sonova Communications - DE\",\"isPartOf\":{\"@id\":\"https:\/\/www.sonova-communications.com\/de\/#website\"},\"primaryImageOfPage\":{\"@id\":\"https:\/\/www.sonova-communications.com\/de\/innovationen\/#primaryimage\"},\"image\":{\"@id\":\"https:\/\/www.sonova-communications.com\/de\/innovationen\/#primaryimage\"},\"thumbnailUrl\":\"https:\/\/www.sonova-communications.com\/de\/wp-content\/uploads\/sites\/33\/2022\/11\/SON_Pic_SonovaCommunicationsMurtenHearingRoom_SON4717.jpg\",\"datePublished\":\"2022-11-24T11:08:11+00:00\",\"dateModified\":\"2023-03-27T06:54:00+00:00\",\"inLanguage\":\"de-DE\",\"potentialAction\":[{\"@type\":\"ReadAction\",\"target\":[\"https:\/\/www.sonova-communications.com\/de\/innovationen\/\"]}]},{\"@type\":\"ImageObject\",\"inLanguage\":\"de-DE\",\"@id\":\"https:\/\/www.sonova-communications.com\/de\/innovationen\/#primaryimage\",\"url\":\"https:\/\/www.sonova-communications.com\/de\/wp-content\/uploads\/sites\/33\/2022\/11\/SON_Pic_SonovaCommunicationsMurtenHearingRoom_SON4717.jpg\",\"contentUrl\":\"https:\/\/www.sonova-communications.com\/de\/wp-content\/uploads\/sites\/33\/2022\/11\/SON_Pic_SonovaCommunicationsMurtenHearingRoom_SON4717.jpg\",\"width\":6000,\"height\":4000},{\"@type\":\"WebSite\",\"@id\":\"https:\/\/www.sonova-communications.com\/de\/#website\",\"url\":\"https:\/\/www.sonova-communications.com\/de\/\",\"name\":\"Sonova Communications - DE\",\"description\":\"\",\"publisher\":{\"@id\":\"https:\/\/www.sonova-communications.com\/de\/#organization\"},\"potentialAction\":[{\"@type\":\"SearchAction\",\"target\":{\"@type\":\"EntryPoint\",\"urlTemplate\":\"https:\/\/www.sonova-communications.com\/de\/?s={search_term_string}\"},\"query-input\":{\"@type\":\"PropertyValueSpecification\",\"valueRequired\":true,\"valueName\":\"search_term_string\"}}],\"inLanguage\":\"de-DE\"},{\"@type\":\"Organization\",\"@id\":\"https:\/\/www.sonova-communications.com\/de\/#organization\",\"name\":\"Sonova Communications - DE\",\"url\":\"https:\/\/www.sonova-communications.com\/de\/\",\"logo\":{\"@type\":\"ImageObject\",\"inLanguage\":\"de-DE\",\"@id\":\"https:\/\/www.sonova-communications.com\/de\/#\/schema\/logo\/image\/\",\"url\":\"https:\/\/www.sonova-communications.com\/de\/wp-content\/uploads\/sites\/33\/2022\/10\/Sonova_Tagline_RGB.png\",\"contentUrl\":\"https:\/\/www.sonova-communications.com\/de\/wp-content\/uploads\/sites\/33\/2022\/10\/Sonova_Tagline_RGB.png\",\"width\":1181,\"height\":339,\"caption\":\"Sonova Communications - DE\"},\"image\":{\"@id\":\"https:\/\/www.sonova-communications.com\/de\/#\/schema\/logo\/image\/\"}}]}<\/script>\n<!-- \/ Yoast SEO plugin. -->","yoast_head_json":{"title":"Innovationen - Sonova Communications - DE","robots":{"index":"index","follow":"follow","max-snippet":"max-snippet:-1","max-image-preview":"max-image-preview:large","max-video-preview":"max-video-preview:-1"},"canonical":"https:\/\/www.sonova-communications.com\/de\/innovationen\/","og_locale":"de_DE","og_type":"article","og_title":"Innovationen - Sonova Communications - DE","og_description":"Bei Sonova Communications entwickeln wir Produkte in den Bereichen verdeckte Kommunikation, assistive Technologien, Geh\u00f6rschutz und Consumer Audiologie Produkte sowie den...","og_url":"https:\/\/www.sonova-communications.com\/de\/innovationen\/","og_site_name":"Sonova Communications - DE","article_modified_time":"2023-03-27T06:54:00+00:00","og_image":[{"url":"https:\/\/www.sonova-communications.com\/de\/wp-content\/uploads\/sites\/33\/2022\/11\/SON_Pic_SonovaCommunicationsMurtenHearingRoom_SON4717.jpg","type":"","width":"","height":""}],"twitter_card":"summary_large_image","twitter_misc":{"Est. reading time":"2 Minuten"},"schema":{"@context":"https:\/\/schema.org","@graph":[{"@type":"WebPage","@id":"https:\/\/www.sonova-communications.com\/de\/innovationen\/","url":"https:\/\/www.sonova-communications.com\/de\/innovationen\/","name":"Innovationen - Sonova Communications - DE","isPartOf":{"@id":"https:\/\/www.sonova-communications.com\/de\/#website"},"primaryImageOfPage":{"@id":"https:\/\/www.sonova-communications.com\/de\/innovationen\/#primaryimage"},"image":{"@id":"https:\/\/www.sonova-communications.com\/de\/innovationen\/#primaryimage"},"thumbnailUrl":"https:\/\/www.sonova-communications.com\/de\/wp-content\/uploads\/sites\/33\/2022\/11\/SON_Pic_SonovaCommunicationsMurtenHearingRoom_SON4717.jpg","datePublished":"2022-11-24T11:08:11+00:00","dateModified":"2023-03-27T06:54:00+00:00","inLanguage":"de-DE","potentialAction":[{"@type":"ReadAction","target":["https:\/\/www.sonova-communications.com\/de\/innovationen\/"]}]},{"@type":"ImageObject","inLanguage":"de-DE","@id":"https:\/\/www.sonova-communications.com\/de\/innovationen\/#primaryimage","url":"https:\/\/www.sonova-communications.com\/de\/wp-content\/uploads\/sites\/33\/2022\/11\/SON_Pic_SonovaCommunicationsMurtenHearingRoom_SON4717.jpg","contentUrl":"https:\/\/www.sonova-communications.com\/de\/wp-content\/uploads\/sites\/33\/2022\/11\/SON_Pic_SonovaCommunicationsMurtenHearingRoom_SON4717.jpg","width":6000,"height":4000},{"@type":"WebSite","@id":"https:\/\/www.sonova-communications.com\/de\/#website","url":"https:\/\/www.sonova-communications.com\/de\/","name":"Sonova Communications - DE","description":"","publisher":{"@id":"https:\/\/www.sonova-communications.com\/de\/#organization"},"potentialAction":[{"@type":"SearchAction","target":{"@type":"EntryPoint","urlTemplate":"https:\/\/www.sonova-communications.com\/de\/?s={search_term_string}"},"query-input":{"@type":"PropertyValueSpecification","valueRequired":true,"valueName":"search_term_string"}}],"inLanguage":"de-DE"},{"@type":"Organization","@id":"https:\/\/www.sonova-communications.com\/de\/#organization","name":"Sonova Communications - DE","url":"https:\/\/www.sonova-communications.com\/de\/","logo":{"@type":"ImageObject","inLanguage":"de-DE","@id":"https:\/\/www.sonova-communications.com\/de\/#\/schema\/logo\/image\/","url":"https:\/\/www.sonova-communications.com\/de\/wp-content\/uploads\/sites\/33\/2022\/10\/Sonova_Tagline_RGB.png","contentUrl":"https:\/\/www.sonova-communications.com\/de\/wp-content\/uploads\/sites\/33\/2022\/10\/Sonova_Tagline_RGB.png","width":1181,"height":339,"caption":"Sonova Communications - DE"},"image":{"@id":"https:\/\/www.sonova-communications.com\/de\/#\/schema\/logo\/image\/"}}]}},"jetpack_sharing_enabled":true,"distributor_meta":false,"distributor_terms":false,"distributor_media":false,"distributor_original_site_name":"Sonova Communications - DE","distributor_original_site_url":"https:\/\/www.sonova-communications.com\/de","push-errors":false,"_links":{"self":[{"href":"https:\/\/www.sonova-communications.com\/de\/wp-json\/wp\/v2\/pages\/514","targetHints":{"allow":["GET"]}}],"collection":[{"href":"https:\/\/www.sonova-communications.com\/de\/wp-json\/wp\/v2\/pages"}],"about":[{"href":"https:\/\/www.sonova-communications.com\/de\/wp-json\/wp\/v2\/types\/page"}],"author":[{"embeddable":true,"href":"https:\/\/www.sonova-communications.com\/de\/wp-json\/wp\/v2\/users\/43"}],"replies":[{"embeddable":true,"href":"https:\/\/www.sonova-communications.com\/de\/wp-json\/wp\/v2\/comments?post=514"}],"version-history":[{"count":12,"href":"https:\/\/www.sonova-communications.com\/de\/wp-json\/wp\/v2\/pages\/514\/revisions"}],"predecessor-version":[{"id":694,"href":"https:\/\/www.sonova-communications.com\/de\/wp-json\/wp\/v2\/pages\/514\/revisions\/694"}],"wp:attachment":[{"href":"https:\/\/www.sonova-communications.com\/de\/wp-json\/wp\/v2\/media?parent=514"}],"curies":[{"name":"wp","href":"https:\/\/api.w.org\/{rel}","templated":true}]}}