{"id":695,"date":"2023-03-27T08:30:34","date_gmt":"2023-03-27T08:30:34","guid":{"rendered":"https:\/\/www.sonova-communications.com\/de\/datenschutz-copy\/"},"modified":"2023-03-27T08:36:22","modified_gmt":"2023-03-27T08:36:22","slug":"cookie-datenschutzhinweis","status":"publish","type":"page","link":"https:\/\/www.sonova-communications.com\/de\/cookie-datenschutzhinweis\/","title":{"rendered":"Cookie-Datenschutzhinweis"},"content":{"rendered":"\n<div class=\"wp-block-cover alignfull\"><span aria-hidden=\"true\" class=\"wp-block-cover__background has-background-dim\"><\/span><img loading=\"lazy\" decoding=\"async\" width=\"2000\" height=\"750\" class=\"wp-block-cover__image-background wp-image-598\" alt=\"\" src=\"https:\/\/www.sonova-communications.com\/de\/wp-content\/uploads\/sites\/33\/2022\/12\/header_general_staircase_phonak.jpeg\" data-object-fit=\"cover\" srcset=\"https:\/\/www.sonova-communications.com\/de\/wp-content\/uploads\/sites\/33\/2022\/12\/header_general_staircase_phonak.jpeg 2000w, https:\/\/www.sonova-communications.com\/de\/wp-content\/uploads\/sites\/33\/2022\/12\/header_general_staircase_phonak.jpeg?resize=300,113 300w, https:\/\/www.sonova-communications.com\/de\/wp-content\/uploads\/sites\/33\/2022\/12\/header_general_staircase_phonak.jpeg?resize=768,288 768w, https:\/\/www.sonova-communications.com\/de\/wp-content\/uploads\/sites\/33\/2022\/12\/header_general_staircase_phonak.jpeg?resize=1024,384 1024w, https:\/\/www.sonova-communications.com\/de\/wp-content\/uploads\/sites\/33\/2022\/12\/header_general_staircase_phonak.jpeg?resize=1536,576 1536w\" sizes=\"auto, (max-width: 2000px) 100vw, 2000px\" \/><div class=\"wp-block-cover__inner-container is-layout-flow wp-block-cover-is-layout-flow\">\n<h1 class=\"has-text-align-left has-white-color has-text-color wp-block-heading\">Datenschutz<\/h1>\n<\/div><\/div>\n\n\n\n<h2 class=\"wp-block-heading\">Cookie-Datenschutzhinweis<\/h2>\n\n\n\n<h2 class=\"wp-block-heading\">Was sind Cookies und andere Tracking-Tools?<\/h2>\n\n\n\n<p>Cookies sind kleine Dateien, die von den meisten Internet-Browsern gespeichert werden, um Besucherinformationen zu verfolgen und Sonova in die Lage zu versetzen, das Web-Angebot f\u00fcr Sie relevanter zu gestalten. W\u00e4hrend Ihres Besuchs auf unserer Website verwendet Sonova vier Arten von Cookies. Die Speicherdauer h\u00e4ngt von den einzelnen L\u00e4ndern und dem jeweils geltenden Recht ab.&nbsp;<\/p>\n\n\n\n<p>Andere Tracking-Tools sind alle \u201epassiven\u201c Tracking-Tools, z.&nbsp;B. Fingerprinting, Web Beacons (auch Z\u00e4hlpixel oder Web Bugs genannt), Flash-Cookies (auch Local Shared Objects genannt) oder jede Technologie, die dazu beitr\u00e4gt, das Ger\u00e4t oder Betriebssystem des Benutzers zu identifizieren, indem sie alle oder einen Teil der Informationen \u00fcber die vom Benutzer gew\u00e4hlte spezifische Konfiguration dieses Ger\u00e4ts erfasst.<\/p>\n\n\n\n<h2 class=\"wp-block-heading\">Welche Cookies verwenden wir und warum?<\/h2>\n\n\n<div class=\"wp-list-block\">\n<ul class=\"wp-block-list\">\n<li>Unbedingt notwendige Cookies: Diese Cookies sind erforderlich, damit wir Ihnen die grundlegenden Funktionen unserer Website zur Verf\u00fcgung stellen k\u00f6nnen. Sie k\u00f6nnen in unseren Systemen nicht ausgeschaltet werden.<\/li>\n\n\n\n<li>Leistungs- und Analyse-Cookies: Diese Cookies erm\u00f6glichen es uns, Besuche und Traffic-Quellen zu z\u00e4hlen, um die Leistung unserer Website zu bewerten und zu verbessern.<\/li>\n\n\n\n<li>Funktionale Cookies: Diese Cookies werden verwendet, um Ihnen w\u00e4hrend Ihres Besuchs eine verbesserte Funktionalit\u00e4t und Personalisierung zu bieten.<\/li>\n\n\n\n<li>Targeting- oder Werbe-Cookies: Diese Cookies k\u00f6nnen von unseren Werbepartnern auf unserer Website gesetzt werden, um ein Profil Ihrer Interessen zu erstellen und Ihnen relevante Werbung vorzuschlagen.<\/li>\n<\/ul>\n<\/div>\n\n\n<p>Einige der von unseren Websites verwendeten Cookies werden von uns gesetzt, andere werden von Dritten im Namen von Sonova gesetzt.<br><br>Im Folgenden finden Sie eine Liste aller Cookies und anderer Tracking-Tools, die von dieser Website verwendet werden:<\/p>\n\n\n\n<figure class=\"wp-block-table\"><table><tbody><tr><td>Cookies or other tracking tools<\/td><td>Category<\/td><td>Lifespan<\/td><td>Third or own cookie<\/td><\/tr><tr><td>VISITOR_INFO1_LIVE<\/td><td>Targeting Cookies This cookie is used as a unique identifier to track viewing of videos &nbsp;<\/td><td>180 days<\/td><td>Third party youtube.com&nbsp;<a href=\"https:\/\/policies.google.com\/privacy?hl=en-GB\">Privacy Policy<\/a><\/td><\/tr><tr><td>VISITOR_INFO1_LIVE<\/td><td>Targeting Cookies This cookie is used as a unique identifier to track viewing of videos &nbsp;<\/td><td>180 days<\/td><td>&nbsp;Third party youtube.com&nbsp;<a href=\"https:\/\/policies.google.com\/privacy?hl=en-GB\">Privacy Policy<\/a><\/td><\/tr><tr><td>YSC<\/td><td>Targeting Cookies<\/td><td>&nbsp; 0 Days<\/td><td>Third party youtube.com&nbsp;<a href=\"https:\/\/policies.google.com\/privacy?hl=en-GB\">Privacy Policy<\/a><\/td><\/tr><tr><td>YSC<\/td><td>Targeting Cookies<\/td><td>0 days<\/td><td>Third party youtube.com&nbsp;<a href=\"https:\/\/policies.google.com\/privacy?hl=en-GB\">Privacy Policy<\/a><\/td><\/tr><tr><td>CONSENT<\/td><td>Functional Cookies<\/td><td>6178 days<\/td><td>Third party youtube.com&nbsp;<a href=\"https:\/\/policies.google.com\/privacy?hl=en-GB\">Privacy Policy<\/a><\/td><\/tr><tr><td>CONSENT<\/td><td>Functional Cookies<\/td><td>6178 days<\/td><td>Third party youtube.com&nbsp;<a href=\"https:\/\/policies.google.com\/privacy?hl=en-GB\">Privacy Policy<\/a><\/td><\/tr><tr><td>CONSENT<\/td><td>Functional Cookies<\/td><td>6178 days<\/td><td>Third party youtube.com&nbsp;<a href=\"https:\/\/policies.google.com\/privacy?hl=en-GB\">Privacy Policy<\/a><\/td><\/tr><tr><td>_ga<\/td><td>Performance Cookies<\/td><td>729 days<\/td><td>Own<\/td><\/tr><tr><td>_ga<\/td><td>Performance Cookies<\/td><td>729 days<\/td><td>Own<\/td><\/tr><tr><td>DEVICE_INFO<\/td><td>Targeting Cookies<\/td><td>179 days<\/td><td>Third party youtube.com&nbsp;<a href=\"https:\/\/policies.google.com\/privacy?hl=en-GB\">Privacy Policy<\/a><\/td><\/tr><tr><td>DEVICE_INFO &nbsp;<\/td><td>Targeting Cookies<\/td><td>179 days<\/td><td>Third party youtube.com&nbsp;<a href=\"https:\/\/policies.google.com\/privacy?hl=en-GB\">Privacy Policy<\/a><\/td><\/tr><\/tbody><\/table><\/figure>\n\n\n\n<h2 class=\"wp-block-heading\">Wie werden Cookies verwaltet?<\/h2>\n\n\n\n<p>Jede Art von Cookie dient einem bestimmten Zweck. Auf unserer Website k\u00f6nnen Sie jedem Zweck problemlos zustimmen. Wenn Sie alle Cookies akzeptieren, erhalten Sie ein vollst\u00e4ndig personalisiertes Web-Erlebnis. Wir erm\u00f6glichen Ihnen, auszuw\u00e4hlen, welche Arten von Cookies Sie akzeptieren oder blockieren wollen, dies kann sich jedoch auf das Nutzererlebnis der Website und die Services, die wir anbieten, auswirken. Nichtsdestotrotz k\u00f6nnen Sie den Service auch im Falle der Verweigerung der Zustimmung zu einigen der Cookies, mit Ausnahme der unbedingt notwendigen Cookies, nutzen.&nbsp;<br><br>Um Ihre Zustimmung zu widerrufen oder zu \u00e4ndern,\n<!-- OneTrust Cookies Settings button start -->\n<button id=\"ot-sdk-btn\" class=\"ot-sdk-show-settings\">Cookie Settings<\/button>\n<!-- OneTrust Cookies Settings button end -->\n\n\n\n<p><br>Wenn Sie an den Vorteilen unserer Cookies nicht interessiert sind, kann Ihnen die \u201eHilfe\u201c-Funktion Ihres Browsers Hinweise geben, wie Sie das Setzen von Cookies verhindern oder bestehende Cookies l\u00f6schen k\u00f6nnen. Au\u00dferdem erfahren Sie, wie Sie alle neuen Cookies in Ihrem Browser blockieren k\u00f6nnen und welche Konfigurationsschritte erforderlich sind, um eine Benachrichtigung \u00fcber neue Cookies zu erhalten.&nbsp;<\/p>\n\n\n\n<p>In jedem Fall wird Ihre Wahl (Zustimmung\/Ablehnung) f\u00fcr einen Zeitraum von 6&nbsp;Monaten gespeichert.&nbsp;<\/p>\n\n\n\n<p>Sehr hilfreiche Informationen zu Cookies im Allgemeinen finden Sie auf diesen Websites:&nbsp;&nbsp;<a href=\"http:\/\/www.allaboutcookies.org\/\" target=\"_blank\" rel=\"noreferrer noopener\">http:\/\/www.allaboutcookies.org\/<\/a>&nbsp;oder&nbsp;<a href=\"https:\/\/cookiepedia.co.uk\/\" target=\"_blank\" rel=\"noreferrer noopener\">https:\/\/cookiepedia.co.uk<\/a><\/p>\n\n\n\n<h2 class=\"wp-block-heading\">Kontakt<\/h2>\n\n\n\n<p>Bei Fragen, Anmerkungen oder Bedenken zu dieser Richtlinie oder zur Aus\u00fcbung der nach geltendem Recht zul\u00e4ssigen Datenschutzrechte in Bezug auf personenbezogene Daten wenden Sie sich bitte an unseren Datenschutzbeauftragten unter folgender Adresse:&nbsp;<a href=\"mailto:privacy@sonova.com\">privacy@sonova.com<\/a>.<\/p>\n\n\n\n<p>Um sich \u00fcber die neuesten Informationen zu unseren Datenschutzma\u00dfnahmen zu informieren, wir empfehlen Ihnen unsere&nbsp;<a href=\"https:\/\/www.phonak-communications.com\/en\/about-us\/data-protection\/\">Datenschutzrichtlinie<\/a>&nbsp;zu lesen.<\/p>\n\n\n\n<p>                                      <\/p>\n","protected":false},"excerpt":{"rendered":"<p>Cookie-Datenschutzhinweis Was sind Cookies und andere Tracking-Tools? Cookies sind kleine Dateien, die von den meisten Internet-Browsern gespeichert werden, um Besucherinformationen&#8230;<\/p>\n","protected":false},"author":43,"featured_media":0,"parent":0,"menu_order":0,"comment_status":"closed","ping_status":"closed","template":"","meta":{"_acf_changed":false,"inline_featured_image":false,"footnotes":""},"class_list":["post-695","page","type-page","status-publish","hentry"],"acf":[],"yoast_head":"<!-- This site is optimized with the Yoast SEO plugin v26.9 - https:\/\/yoast.com\/product\/yoast-seo-wordpress\/ -->\n<title>Cookie-Datenschutzhinweis - Sonova Communications - DE<\/title>\n<meta name=\"robots\" content=\"index, follow, max-snippet:-1, max-image-preview:large, max-video-preview:-1\" \/>\n<link rel=\"canonical\" href=\"https:\/\/www.sonova-communications.com\/de\/cookie-datenschutzhinweis\/\" \/>\n<meta property=\"og:locale\" content=\"de_DE\" \/>\n<meta property=\"og:type\" content=\"article\" \/>\n<meta property=\"og:title\" content=\"Cookie-Datenschutzhinweis - Sonova Communications - DE\" \/>\n<meta property=\"og:description\" content=\"Cookie-Datenschutzhinweis Was sind Cookies und andere Tracking-Tools? Cookies sind kleine Dateien, die von den meisten Internet-Browsern gespeichert werden, um Besucherinformationen...\" \/>\n<meta property=\"og:url\" content=\"https:\/\/www.sonova-communications.com\/de\/cookie-datenschutzhinweis\/\" \/>\n<meta property=\"og:site_name\" content=\"Sonova Communications - DE\" \/>\n<meta property=\"article:modified_time\" content=\"2023-03-27T08:36:22+00:00\" \/>\n<meta property=\"og:image\" content=\"https:\/\/www.sonova-communications.com\/de\/wp-content\/uploads\/sites\/33\/2022\/12\/header_general_staircase_phonak.jpeg\" \/>\n<meta name=\"twitter:card\" content=\"summary_large_image\" \/>\n<meta name=\"twitter:label1\" content=\"Est. reading time\" \/>\n\t<meta name=\"twitter:data1\" content=\"4 Minuten\" \/>\n<script type=\"application\/ld+json\" class=\"yoast-schema-graph\">{\"@context\":\"https:\/\/schema.org\",\"@graph\":[{\"@type\":\"WebPage\",\"@id\":\"https:\/\/www.sonova-communications.com\/de\/cookie-datenschutzhinweis\/\",\"url\":\"https:\/\/www.sonova-communications.com\/de\/cookie-datenschutzhinweis\/\",\"name\":\"Cookie-Datenschutzhinweis - Sonova Communications - DE\",\"isPartOf\":{\"@id\":\"https:\/\/www.sonova-communications.com\/de\/#website\"},\"primaryImageOfPage\":{\"@id\":\"https:\/\/www.sonova-communications.com\/de\/cookie-datenschutzhinweis\/#primaryimage\"},\"image\":{\"@id\":\"https:\/\/www.sonova-communications.com\/de\/cookie-datenschutzhinweis\/#primaryimage\"},\"thumbnailUrl\":\"https:\/\/www.sonova-communications.com\/de\/wp-content\/uploads\/sites\/33\/2022\/12\/header_general_staircase_phonak.jpeg\",\"datePublished\":\"2023-03-27T08:30:34+00:00\",\"dateModified\":\"2023-03-27T08:36:22+00:00\",\"inLanguage\":\"de-DE\",\"potentialAction\":[{\"@type\":\"ReadAction\",\"target\":[\"https:\/\/www.sonova-communications.com\/de\/cookie-datenschutzhinweis\/\"]}]},{\"@type\":\"ImageObject\",\"inLanguage\":\"de-DE\",\"@id\":\"https:\/\/www.sonova-communications.com\/de\/cookie-datenschutzhinweis\/#primaryimage\",\"url\":\"https:\/\/www.sonova-communications.com\/de\/wp-content\/uploads\/sites\/33\/2022\/12\/header_general_staircase_phonak.jpeg\",\"contentUrl\":\"https:\/\/www.sonova-communications.com\/de\/wp-content\/uploads\/sites\/33\/2022\/12\/header_general_staircase_phonak.jpeg\",\"width\":2000,\"height\":750},{\"@type\":\"WebSite\",\"@id\":\"https:\/\/www.sonova-communications.com\/de\/#website\",\"url\":\"https:\/\/www.sonova-communications.com\/de\/\",\"name\":\"Sonova Communications - DE\",\"description\":\"\",\"publisher\":{\"@id\":\"https:\/\/www.sonova-communications.com\/de\/#organization\"},\"potentialAction\":[{\"@type\":\"SearchAction\",\"target\":{\"@type\":\"EntryPoint\",\"urlTemplate\":\"https:\/\/www.sonova-communications.com\/de\/?s={search_term_string}\"},\"query-input\":{\"@type\":\"PropertyValueSpecification\",\"valueRequired\":true,\"valueName\":\"search_term_string\"}}],\"inLanguage\":\"de-DE\"},{\"@type\":\"Organization\",\"@id\":\"https:\/\/www.sonova-communications.com\/de\/#organization\",\"name\":\"Sonova Communications - DE\",\"url\":\"https:\/\/www.sonova-communications.com\/de\/\",\"logo\":{\"@type\":\"ImageObject\",\"inLanguage\":\"de-DE\",\"@id\":\"https:\/\/www.sonova-communications.com\/de\/#\/schema\/logo\/image\/\",\"url\":\"https:\/\/www.sonova-communications.com\/de\/wp-content\/uploads\/sites\/33\/2022\/10\/Sonova_Tagline_RGB.png\",\"contentUrl\":\"https:\/\/www.sonova-communications.com\/de\/wp-content\/uploads\/sites\/33\/2022\/10\/Sonova_Tagline_RGB.png\",\"width\":1181,\"height\":339,\"caption\":\"Sonova Communications - DE\"},\"image\":{\"@id\":\"https:\/\/www.sonova-communications.com\/de\/#\/schema\/logo\/image\/\"}}]}<\/script>\n<!-- \/ Yoast SEO plugin. -->","yoast_head_json":{"title":"Cookie-Datenschutzhinweis - Sonova Communications - DE","robots":{"index":"index","follow":"follow","max-snippet":"max-snippet:-1","max-image-preview":"max-image-preview:large","max-video-preview":"max-video-preview:-1"},"canonical":"https:\/\/www.sonova-communications.com\/de\/cookie-datenschutzhinweis\/","og_locale":"de_DE","og_type":"article","og_title":"Cookie-Datenschutzhinweis - Sonova Communications - DE","og_description":"Cookie-Datenschutzhinweis Was sind Cookies und andere Tracking-Tools? Cookies sind kleine Dateien, die von den meisten Internet-Browsern gespeichert werden, um Besucherinformationen...","og_url":"https:\/\/www.sonova-communications.com\/de\/cookie-datenschutzhinweis\/","og_site_name":"Sonova Communications - DE","article_modified_time":"2023-03-27T08:36:22+00:00","og_image":[{"url":"https:\/\/www.sonova-communications.com\/de\/wp-content\/uploads\/sites\/33\/2022\/12\/header_general_staircase_phonak.jpeg","type":"","width":"","height":""}],"twitter_card":"summary_large_image","twitter_misc":{"Est. reading time":"4 Minuten"},"schema":{"@context":"https:\/\/schema.org","@graph":[{"@type":"WebPage","@id":"https:\/\/www.sonova-communications.com\/de\/cookie-datenschutzhinweis\/","url":"https:\/\/www.sonova-communications.com\/de\/cookie-datenschutzhinweis\/","name":"Cookie-Datenschutzhinweis - Sonova Communications - DE","isPartOf":{"@id":"https:\/\/www.sonova-communications.com\/de\/#website"},"primaryImageOfPage":{"@id":"https:\/\/www.sonova-communications.com\/de\/cookie-datenschutzhinweis\/#primaryimage"},"image":{"@id":"https:\/\/www.sonova-communications.com\/de\/cookie-datenschutzhinweis\/#primaryimage"},"thumbnailUrl":"https:\/\/www.sonova-communications.com\/de\/wp-content\/uploads\/sites\/33\/2022\/12\/header_general_staircase_phonak.jpeg","datePublished":"2023-03-27T08:30:34+00:00","dateModified":"2023-03-27T08:36:22+00:00","inLanguage":"de-DE","potentialAction":[{"@type":"ReadAction","target":["https:\/\/www.sonova-communications.com\/de\/cookie-datenschutzhinweis\/"]}]},{"@type":"ImageObject","inLanguage":"de-DE","@id":"https:\/\/www.sonova-communications.com\/de\/cookie-datenschutzhinweis\/#primaryimage","url":"https:\/\/www.sonova-communications.com\/de\/wp-content\/uploads\/sites\/33\/2022\/12\/header_general_staircase_phonak.jpeg","contentUrl":"https:\/\/www.sonova-communications.com\/de\/wp-content\/uploads\/sites\/33\/2022\/12\/header_general_staircase_phonak.jpeg","width":2000,"height":750},{"@type":"WebSite","@id":"https:\/\/www.sonova-communications.com\/de\/#website","url":"https:\/\/www.sonova-communications.com\/de\/","name":"Sonova Communications - DE","description":"","publisher":{"@id":"https:\/\/www.sonova-communications.com\/de\/#organization"},"potentialAction":[{"@type":"SearchAction","target":{"@type":"EntryPoint","urlTemplate":"https:\/\/www.sonova-communications.com\/de\/?s={search_term_string}"},"query-input":{"@type":"PropertyValueSpecification","valueRequired":true,"valueName":"search_term_string"}}],"inLanguage":"de-DE"},{"@type":"Organization","@id":"https:\/\/www.sonova-communications.com\/de\/#organization","name":"Sonova Communications - DE","url":"https:\/\/www.sonova-communications.com\/de\/","logo":{"@type":"ImageObject","inLanguage":"de-DE","@id":"https:\/\/www.sonova-communications.com\/de\/#\/schema\/logo\/image\/","url":"https:\/\/www.sonova-communications.com\/de\/wp-content\/uploads\/sites\/33\/2022\/10\/Sonova_Tagline_RGB.png","contentUrl":"https:\/\/www.sonova-communications.com\/de\/wp-content\/uploads\/sites\/33\/2022\/10\/Sonova_Tagline_RGB.png","width":1181,"height":339,"caption":"Sonova Communications - DE"},"image":{"@id":"https:\/\/www.sonova-communications.com\/de\/#\/schema\/logo\/image\/"}}]}},"jetpack_sharing_enabled":true,"distributor_meta":false,"distributor_terms":false,"distributor_media":false,"distributor_original_site_name":"Sonova Communications - DE","distributor_original_site_url":"https:\/\/www.sonova-communications.com\/de","push-errors":false,"_links":{"self":[{"href":"https:\/\/www.sonova-communications.com\/de\/wp-json\/wp\/v2\/pages\/695","targetHints":{"allow":["GET"]}}],"collection":[{"href":"https:\/\/www.sonova-communications.com\/de\/wp-json\/wp\/v2\/pages"}],"about":[{"href":"https:\/\/www.sonova-communications.com\/de\/wp-json\/wp\/v2\/types\/page"}],"author":[{"embeddable":true,"href":"https:\/\/www.sonova-communications.com\/de\/wp-json\/wp\/v2\/users\/43"}],"replies":[{"embeddable":true,"href":"https:\/\/www.sonova-communications.com\/de\/wp-json\/wp\/v2\/comments?post=695"}],"version-history":[{"count":4,"href":"https:\/\/www.sonova-communications.com\/de\/wp-json\/wp\/v2\/pages\/695\/revisions"}],"predecessor-version":[{"id":744,"href":"https:\/\/www.sonova-communications.com\/de\/wp-json\/wp\/v2\/pages\/695\/revisions\/744"}],"wp:attachment":[{"href":"https:\/\/www.sonova-communications.com\/de\/wp-json\/wp\/v2\/media?parent=695"}],"curies":[{"name":"wp","href":"https:\/\/api.w.org\/{rel}","templated":true}]}}